{"id":50,"date":"2023-05-06T17:30:48","date_gmt":"2023-05-06T15:30:48","guid":{"rendered":"https:\/\/toftagnisvard.se\/gustavs-orkidevandring\/?page_id=50"},"modified":"2023-06-12T16:43:00","modified_gmt":"2023-06-12T14:43:00","slug":"om-orkideer","status":"publish","type":"page","link":"https:\/\/www.toftagnisvard.se\/gustavs-orkidevandring\/om-orkideer\/","title":{"rendered":"Om orkid\u00e9er"},"content":{"rendered":"<p><div class=\"fusion-fullwidth fullwidth-box fusion-builder-row-1 fusion-flex-container has-pattern-background has-mask-background nonhundred-percent-fullwidth non-hundred-percent-height-scrolling\" style=\"--awb-border-radius-top-left:0px;--awb-border-radius-top-right:0px;--awb-border-radius-bottom-right:0px;--awb-border-radius-bottom-left:0px;--awb-margin-bottom:20px;--awb-flex-wrap:wrap;\" ><div class=\"fusion-builder-row fusion-row fusion-flex-align-items-flex-start fusion-flex-content-wrap\" style=\"max-width:1248px;margin-left: calc(-4% \/ 2 );margin-right: calc(-4% \/ 2 );\"><div class=\"fusion-layout-column fusion_builder_column fusion-builder-column-0 fusion_builder_column_2_3 2_3 fusion-flex-column\" style=\"--awb-bg-size:cover;--awb-width-large:66.666666666667%;--awb-margin-top-large:0px;--awb-spacing-right-large:2.88%;--awb-margin-bottom-large:20px;--awb-spacing-left-large:2.88%;--awb-width-medium:66.666666666667%;--awb-order-medium:0;--awb-spacing-right-medium:2.88%;--awb-spacing-left-medium:2.88%;--awb-width-small:100%;--awb-order-small:0;--awb-spacing-right-small:1.92%;--awb-spacing-left-small:1.92%;\"><div class=\"fusion-column-wrapper fusion-column-has-shadow fusion-flex-justify-content-flex-start fusion-content-layout-column\"><div class=\"fusion-text fusion-text-1\"><p>Av Sveriges alla landskap \u00e4r Gotland det fr\u00e4msta orkid\u00e9landskapet. Man kan finna ett fyrtiotal arter och underarter p\u00e5 Gotland av de bort\u00e5t 55 som finns i Sverige. M\u00e5nga av dem trivs b\u00e4st p\u00e5 kalkrik mark och p\u00e5 \u00f6n kan de finnas s\u00e5v\u00e4l p\u00e5 alvarmark, sandomr\u00e5den och strand\u00e4ngar som i \u00e4dell\u00f6vskog och k\u00e4rr. M\u00e5nga arter \u00e4r k\u00e4nsliga f\u00f6r konkurrens och de gynnas ofta av bete, sl\u00e5tter eller m\u00e5ttligt tramp.<\/p>\n<p>Humlor, bin och fj\u00e4rilar st\u00e5r ofta f\u00f6r pollineringen av orkid\u00e9blommorna och ofta \u00e4r det bara vissa insektsarter som passar med respektive art av orkid\u00e9. N\u00e4r insekterna kommer till blomman f\u00f6r att s\u00f6ka nektar fastnar pollenklumpar p\u00e5 insekten, som d\u00e4rmed f\u00f6r vidare pollen till andra blommor. Flera orkid\u00e9er har l\u00e5nga sporrar som tvingar inte minst fj\u00e4rilar med l\u00e5nga sugsnablar att leta l\u00e5ngt ned f\u00f6r att p\u00e5 s\u00e5 vis tr\u00e4ffas av pollensamlingarna.<\/p>\n<p>De befruktade fr\u00f6na sprids med vinden och \u00e4r mikroskopiskt sm\u00e5. F\u00f6r att gro kr\u00e4vs ocks\u00e5 att fr\u00f6na tr\u00e4ffar p\u00e5 r\u00e4tt sorts svamp som hj\u00e4lper till med n\u00e4ring. De vuxna plantorna lagrar n\u00e4ring i s\u00e4rskilda rotkn\u00f6lar, n\u00e5got som tros ha gett upphov till att m\u00e5nga orkid\u00e9namn b\u00e4r namn som -nycklar<\/p>\n<p>Alla orkid\u00e9er \u00e4r fridlysta i Sverige. De f\u00e5r inte plockas eller gr\u00e4vas upp.<\/p>\n<\/div><\/div><\/div><div class=\"fusion-layout-column fusion_builder_column fusion-builder-column-1 fusion_builder_column_1_3 1_3 fusion-flex-column\" style=\"--awb-bg-size:cover;--awb-width-large:33.333333333333%;--awb-margin-top-large:0px;--awb-spacing-right-large:5.76%;--awb-margin-bottom-large:20px;--awb-spacing-left-large:5.76%;--awb-width-medium:33.333333333333%;--awb-order-medium:0;--awb-spacing-right-medium:5.76%;--awb-spacing-left-medium:5.76%;--awb-width-small:100%;--awb-order-small:0;--awb-spacing-right-small:1.92%;--awb-spacing-left-small:1.92%;\"><div class=\"fusion-column-wrapper fusion-column-has-shadow fusion-flex-justify-content-flex-start fusion-content-layout-column\"><div class=\"fusion-text fusion-text-2\"><div id=\"attachment_22\" style=\"width: 1027px\" class=\"wp-caption alignnone\"><a href=\"https:\/\/www.toftagnisvard.se\/gustavs-orkidevandring\/wp-content\/uploads\/Narstudie-av-Johannesnycklar-Foto-Gustav-Hammarhjelm.jpg\"><img decoding=\"async\" aria-describedby=\"caption-attachment-22\" class=\"wp-image-22 size-full\" src=\"https:\/\/www.toftagnisvard.se\/gustavs-orkidevandring\/wp-content\/uploads\/Narstudie-av-Johannesnycklar-Foto-Gustav-Hammarhjelm.jpg\" alt=\"\" width=\"1017\" height=\"1017\" srcset=\"https:\/\/www.toftagnisvard.se\/gustavs-orkidevandring\/wp-content\/uploads\/Narstudie-av-Johannesnycklar-Foto-Gustav-Hammarhjelm-66x66.jpg 66w, https:\/\/www.toftagnisvard.se\/gustavs-orkidevandring\/wp-content\/uploads\/Narstudie-av-Johannesnycklar-Foto-Gustav-Hammarhjelm-200x200.jpg 200w, https:\/\/www.toftagnisvard.se\/gustavs-orkidevandring\/wp-content\/uploads\/Narstudie-av-Johannesnycklar-Foto-Gustav-Hammarhjelm-400x400.jpg 400w, https:\/\/www.toftagnisvard.se\/gustavs-orkidevandring\/wp-content\/uploads\/Narstudie-av-Johannesnycklar-Foto-Gustav-Hammarhjelm-500x500.jpg 500w, https:\/\/www.toftagnisvard.se\/gustavs-orkidevandring\/wp-content\/uploads\/Narstudie-av-Johannesnycklar-Foto-Gustav-Hammarhjelm-600x600.jpg 600w, https:\/\/www.toftagnisvard.se\/gustavs-orkidevandring\/wp-content\/uploads\/Narstudie-av-Johannesnycklar-Foto-Gustav-Hammarhjelm-768x768.jpg 768w, https:\/\/www.toftagnisvard.se\/gustavs-orkidevandring\/wp-content\/uploads\/Narstudie-av-Johannesnycklar-Foto-Gustav-Hammarhjelm-800x800.jpg 800w, https:\/\/www.toftagnisvard.se\/gustavs-orkidevandring\/wp-content\/uploads\/Narstudie-av-Johannesnycklar-Foto-Gustav-Hammarhjelm.jpg 1017w\" sizes=\"(max-width: 1017px) 100vw, 1017px\" \/><\/a><p id=\"caption-attachment-22\" class=\"wp-caption-text\">N\u00e4rstudie av Johannesnycklar<br \/>Foto: Gustav Hammarhjelm<\/p><\/div>\n<\/div><div ><a class=\"fusion-button button-flat fusion-button-default-size button-default fusion-button-default button-1 fusion-button-default-span fusion-button-default-type\" target=\"_self\" href=\"https:\/\/www.toftagnisvard.se\/gustavs-orkidevandring\/orkidearter\/\"><span class=\"fusion-button-text awb-button__text awb-button__text--default\">Till orkid\u00e9arter<\/span><\/a><\/div><\/div><\/div><\/div><\/div><div class=\"fusion-fullwidth fullwidth-box fusion-builder-row-2 fusion-flex-container has-pattern-background has-mask-background fusion-parallax-none nonhundred-percent-fullwidth non-hundred-percent-height-scrolling\" style=\"--awb-border-radius-top-left:0px;--awb-border-radius-top-right:0px;--awb-border-radius-bottom-right:0px;--awb-border-radius-bottom-left:0px;--awb-padding-top:200px;--awb-padding-bottom:200px;--awb-background-image:url(&quot;https:\/\/www.toftagnisvard.se\/gustavs-orkidevandring\/wp-content\/uploads\/Purpurknipprot-i-skymningen-Foto-Bjorn-Risinger-scaled.jpg&quot;);--awb-background-size:cover;--awb-flex-wrap:wrap;\" ><div class=\"fusion-builder-row fusion-row fusion-flex-align-items-flex-start fusion-flex-content-wrap\" style=\"max-width:1248px;margin-left: calc(-4% \/ 2 );margin-right: calc(-4% \/ 2 );\"><div class=\"fusion-layout-column fusion_builder_column fusion-builder-column-2 fusion_builder_column_1_1 1_1 fusion-flex-column\" style=\"--awb-bg-size:cover;--awb-width-large:100%;--awb-margin-top-large:0px;--awb-spacing-right-large:1.92%;--awb-margin-bottom-large:20px;--awb-spacing-left-large:1.92%;--awb-width-medium:100%;--awb-order-medium:0;--awb-spacing-right-medium:1.92%;--awb-spacing-left-medium:1.92%;--awb-width-small:100%;--awb-order-small:0;--awb-spacing-right-small:1.92%;--awb-spacing-left-small:1.92%;\"><div class=\"fusion-column-wrapper fusion-column-has-shadow fusion-flex-justify-content-flex-start fusion-content-layout-column\"><\/div><\/div><\/div><\/div><\/p>\n","protected":false},"excerpt":{"rendered":"","protected":false},"author":2,"featured_media":0,"parent":0,"menu_order":20,"comment_status":"closed","ping_status":"closed","template":"100-width.php","meta":{"footnotes":""},"class_list":["post-50","page","type-page","status-publish","hentry"],"_links":{"self":[{"href":"https:\/\/www.toftagnisvard.se\/gustavs-orkidevandring\/wp-json\/wp\/v2\/pages\/50","targetHints":{"allow":["GET"]}}],"collection":[{"href":"https:\/\/www.toftagnisvard.se\/gustavs-orkidevandring\/wp-json\/wp\/v2\/pages"}],"about":[{"href":"https:\/\/www.toftagnisvard.se\/gustavs-orkidevandring\/wp-json\/wp\/v2\/types\/page"}],"author":[{"embeddable":true,"href":"https:\/\/www.toftagnisvard.se\/gustavs-orkidevandring\/wp-json\/wp\/v2\/users\/2"}],"replies":[{"embeddable":true,"href":"https:\/\/www.toftagnisvard.se\/gustavs-orkidevandring\/wp-json\/wp\/v2\/comments?post=50"}],"version-history":[{"count":25,"href":"https:\/\/www.toftagnisvard.se\/gustavs-orkidevandring\/wp-json\/wp\/v2\/pages\/50\/revisions"}],"predecessor-version":[{"id":379,"href":"https:\/\/www.toftagnisvard.se\/gustavs-orkidevandring\/wp-json\/wp\/v2\/pages\/50\/revisions\/379"}],"wp:attachment":[{"href":"https:\/\/www.toftagnisvard.se\/gustavs-orkidevandring\/wp-json\/wp\/v2\/media?parent=50"}],"curies":[{"name":"wp","href":"https:\/\/api.w.org\/{rel}","templated":true}]}}